{"id":1572,"date":"2022-12-13T09:24:43","date_gmt":"2022-12-13T08:24:43","guid":{"rendered":"https:\/\/www.omag-pack.com\/?page_id=1572"},"modified":"2022-12-14T10:16:17","modified_gmt":"2022-12-14T09:16:17","slug":"sicurezza-sul-lavoro","status":"publish","type":"page","link":"https:\/\/www.omag-pack.com\/it\/sicurezza-sul-lavoro\/","title":{"rendered":"Sicurezza sul lavoro"},"content":{"rendered":"<h3>POLITICA PER LA SICUREZZA<\/h3>\n<p>Nel\u00a0<strong>giugno 2015<\/strong> OMAG S.p.A. ha deciso di adottare un proprio<strong>\u00a0Sistema di Gestione per la Sicurezza sul Lavoro<\/strong>\u00a0(SGSL) secondo la norma\u00a0<strong>BS OHSAS 18001:2007\u00a0<\/strong>aderendo successivamente al sistema di gestione<strong>\u00a0UNI ISO 45001.<\/strong><\/p>\n<p>L\u2019adozione volontaria da parte di OMAG Srl del Sistema di Gestione secondo la norma BS OHSAS 18001:2007 realizza all\u2019interno dell\u2019organizzazione aziendale le politiche della Direzione per garantire il\u00a0<strong>corretto svolgimento delle procedure di sicurezza sul lavoro<\/strong>, la documentazione, la verifica costante e il miglioramento continuo.<\/p>\n<p>OMAG S.p.A. produce da oltre 40 anni macchine confezionatrici per l\u2019industra alimentare e farmaceutica: Kraft, Nestl\u00e8, Ferrero, Unilever, Bayer, Novartis sono alcuni dei clienti, che in oltre 100 paesi del mondo, utilizzano ogni giorno le macchine confezionatrici OMAG.<br \/>\nIn oltre 40 anni d\u2019esperienza nel mondo del confezionamento, OMAG ha acquisito un \u201cknow-how\u201d unico nel suo genere: la capacit\u00e0 di rispondere alle esigenze del cliente con professionalit\u00e0, competenza, cura e innovazione, proponendo soluzioni ottimali, e questo \u00e8 sicuramente il maggiore punto di forza aziendale.<\/p>\n<p>Questa cura nel confronto continuo fra clienti, manager, ideatori, progettisti e tecnici specializzati che operano nell\u2019azienda, ha definito e rinnova continuamente un clima di collaborazione e di scambio che va a permeare tutti i rapporti aziendali e costituisce di fatto l\u2019elemento fondante della Politica per la salute e la sicurezza sul lavoro espressa nella presente dichiarazione.<\/p>\n<p>Questa Politica riflette il particolare rapporto che l\u2019azienda ha con i suoi dipendenti, collaboratori, clienti e, di conseguenza, tale elemento fondante \u00e8 percepito collettivamente come principio vincolante ai comportamenti di tutta l\u2019organizzazione.<\/p>\n<p>A partire da queste consolidate basi di cultura aziendale della sicurezza, la Direzione Aziendale, ha deciso di intraprendere un cammino di\u00a0<strong>ulteriore miglioramento<\/strong>\u00a0attraverso l\u2019adesione al sistema di gestione UNI ISO 45001, con lo scopo di:<\/p>\n<ul>\n<li>mantenere alta la consapevolezza e la coerenza tra missione aziendale, clima interno e principi di politica per la salute e la sicurezza nei luoghi di lavoro;<\/li>\n<li>stabilire obiettivi per la salute e la sicurezza del lavoro coerenti con la politica ed assicurare la disponibilit\u00e0 di risorse adeguate alla realizzazione della politica medesima;<\/li>\n<li>perseguire l\u2019eccellenza nel campo della sicurezza, ponendosi come obiettivo il miglioramento continuo delle condizioni formali e sostanziali di tutela della salute e della sicurezza dei lavoratori nei luoghi di lavoro ove operano.<\/li>\n<\/ul>\n<p>Le disposizioni aziendali emanate da OMAG fissano conseguentemente le linee in tema di salute e sicurezza, secondo le quali:<\/p>\n<ul>\n<li>L\u2019Azienda si impegna ad operare nel rispetto delle disposizioni vigenti in materia di salute e sicurezza sul lavoro, ma anche a ricercare un miglioramento continuo delle proprie prestazioni, a tutela dei propri dipendenti e terzi per essa operanti, delle popolazioni che vivono nei pressi delle proprie sedi, nonch\u00e9 dei propri impianti e dei propri clienti e per la protezione dell\u2019 ambiente circostante.<\/li>\n<li>l\u2019Azienda provveder\u00e0 pertanto a emettere, introdurre, sviluppare e\/o revisionare piani per la sicurezza onde assicurare che i propri dirigenti, quadri, impiegati ed operai e pertanto OMAG stessa:\n<ul>\n<li>abbiano un comportamento conforme alle leggi vigenti in materia, alle specifiche e standard aziendali, tenuto anche conto dei prevedibili sviluppi legislativi;<\/li>\n<li>progettino i propri impianti e ne conducano l\u2019esercizio in modo conforme oltre che alle disposizioni vigenti, alle migliori condizioni tecniche disponibili;<\/li>\n<li>utilizzino prodotti o materiali che comportino il minor impatto possibile anche sulla salute e sicurezza dei lavoratori, nonch\u00e9 sull\u2019ambiente circostante, durante la produzione, l\u2019utilizzo e la dismissione.<\/li>\n<\/ul>\n<\/li>\n<li>OMAG cooperer\u00e0 con le Associazioni e le Autorit\u00e0 competenti per lo sviluppo di norme sempre pi\u00f9 aderenti alle esigenze della sicurezza e della salute dei lavoratori;<\/li>\n<li>OMAG operer\u00e0 in stretto contatto con la comunit\u00e0 locale dimostrando sempre il proprio impegno per quanto concerne la sicurezza e la salute sia dei lavoratori, sia della comunit\u00e0 che dell\u2019ambiente circostante.<\/li>\n<\/ul>\n<p>OMAG S.p.A. , in tema di salute e sicurezza sui luoghi di lavoro, si impegna inoltre:<\/p>\n<ul>\n<li>a riconoscere che le esigenze del cliente e la valutazione della sua soddisfazione costituiscono i criteri di riferimento da adottare nella fornitura di prodotti e\/o servizi;<\/li>\n<li>ad adottare criteri per un corretto uso delle risorse naturali ed energetiche, con valorizzazione del ruolo dell\u2019energia elettrica, del gas naturale, del calore, delle fonti rinnovabili pure o assimilate e dell\u2019acqua;<\/li>\n<li>a promuovere l\u2019applicazione nell\u2019ambito delle proprie sedi di lavoro di sistemi di sicurezza, in linea con gli standard internazionali, effettuando opportuni riesami e valutazioni per assicurare il rispetto della politica aziendale;<\/li>\n<li>a fare conoscere all\u2019esterno la politica e le strategie aziendali in materia di salute e sicurezza attraverso uno stretto dialogo con le Autorit\u00e0, i clienti, i soci e il pubblico in generale.<\/li>\n<\/ul>\n<p>Scarica <a href=\"\/wp-content\/uploads\/2022\/12\/politica_sicurezza_Omag.pdf\">qui<\/a> il documento completo.<\/p>\n","protected":false},"excerpt":{"rendered":"<p>POLITICA PER LA SICUREZZA Nel\u00a0giugno 2015 OMAG S.p.A. ha deciso di adottare un proprio\u00a0Sistema di Gestione per la Sicurezza sul Lavoro\u00a0(SGSL) secondo la norma\u00a0BS OHSAS 18001:2007\u00a0aderendo successivamente al sistema di gestione\u00a0UNI ISO 45001. L\u2019adozione volontaria da parte di OMAG Srl del Sistema di Gestione secondo la norma BS OHSAS 18001:2007 realizza all\u2019interno dell\u2019organizzazione aziendale le [&hellip;]<\/p>\n","protected":false},"author":3,"featured_media":0,"parent":0,"menu_order":40,"comment_status":"closed","ping_status":"closed","template":"","meta":{"_acf_changed":false,"footnotes":""},"class_list":["post-1572","page","type-page","status-publish","hentry"],"acf":[],"yoast_head":"<!-- This site is optimized with the Yoast SEO plugin v27.3 - https:\/\/yoast.com\/product\/yoast-seo-wordpress\/ -->\n<title>Sicurezza sul lavoro | Omag<\/title>\n<meta name=\"description\" content=\"Find out all the information about Sicurezza sul lavoro POLITICA PER LA SICUREZZA Nel\u00a0giugno 2015 OMAG S.p.A. ha deciso di adottare un proprio\u00a0Sistema di Gestione per la Sicurezza sul Lavoro\u00a0(SGSL) secondo la\" \/>\n<meta name=\"robots\" content=\"index, follow, max-snippet:-1, max-image-preview:large, max-video-preview:-1\" \/>\n<link rel=\"canonical\" href=\"https:\/\/www.omag-pack.com\/it\/sicurezza-sul-lavoro\/\" \/>\n<meta property=\"og:locale\" content=\"it_IT\" \/>\n<meta property=\"og:type\" content=\"article\" \/>\n<meta property=\"og:title\" content=\"Sicurezza sul lavoro | Omag\" \/>\n<meta property=\"og:description\" content=\"Find out all the information about Sicurezza sul lavoro POLITICA PER LA SICUREZZA Nel\u00a0giugno 2015 OMAG S.p.A. ha deciso di adottare un proprio\u00a0Sistema di Gestione per la Sicurezza sul Lavoro\u00a0(SGSL) secondo la\" \/>\n<meta property=\"og:url\" content=\"https:\/\/www.omag-pack.com\/it\/sicurezza-sul-lavoro\/\" \/>\n<meta property=\"og:site_name\" content=\"Omag\" \/>\n<meta property=\"article:publisher\" content=\"https:\/\/www.facebook.com\/Omag.Spa.packaging\" \/>\n<meta property=\"article:modified_time\" content=\"2022-12-14T09:16:17+00:00\" \/>\n<meta name=\"twitter:card\" content=\"summary_large_image\" \/>\n<meta name=\"twitter:label1\" content=\"Tempo di lettura stimato\" \/>\n\t<meta name=\"twitter:data1\" content=\"4 minuti\" \/>\n<script type=\"application\/ld+json\" class=\"yoast-schema-graph\">{\"@context\":\"https:\\\/\\\/schema.org\",\"@graph\":[{\"@type\":\"WebPage\",\"@id\":\"https:\\\/\\\/www.omag-pack.com\\\/it\\\/sicurezza-sul-lavoro\\\/\",\"url\":\"https:\\\/\\\/www.omag-pack.com\\\/it\\\/sicurezza-sul-lavoro\\\/\",\"name\":\"Sicurezza sul lavoro | Omag\",\"isPartOf\":{\"@id\":\"https:\\\/\\\/www.omag-pack.com\\\/it\\\/#website\"},\"datePublished\":\"2022-12-13T08:24:43+00:00\",\"dateModified\":\"2022-12-14T09:16:17+00:00\",\"description\":\"Find out all the information about Sicurezza sul lavoro POLITICA PER LA SICUREZZA Nel\u00a0giugno 2015 OMAG S.p.A. ha deciso di adottare un proprio\u00a0Sistema di Gestione per la Sicurezza sul Lavoro\u00a0(SGSL) secondo la\",\"breadcrumb\":{\"@id\":\"https:\\\/\\\/www.omag-pack.com\\\/it\\\/sicurezza-sul-lavoro\\\/#breadcrumb\"},\"inLanguage\":\"it-IT\",\"potentialAction\":[{\"@type\":\"ReadAction\",\"target\":[\"https:\\\/\\\/www.omag-pack.com\\\/it\\\/sicurezza-sul-lavoro\\\/\"]}]},{\"@type\":\"BreadcrumbList\",\"@id\":\"https:\\\/\\\/www.omag-pack.com\\\/it\\\/sicurezza-sul-lavoro\\\/#breadcrumb\",\"itemListElement\":[{\"@type\":\"ListItem\",\"position\":1,\"name\":\"Home\",\"item\":\"https:\\\/\\\/www.omag-pack.com\\\/it\\\/\"},{\"@type\":\"ListItem\",\"position\":2,\"name\":\"Sicurezza sul lavoro\"}]},{\"@type\":\"WebSite\",\"@id\":\"https:\\\/\\\/www.omag-pack.com\\\/it\\\/#website\",\"url\":\"https:\\\/\\\/www.omag-pack.com\\\/it\\\/\",\"name\":\"Omag\",\"description\":\"\",\"publisher\":{\"@id\":\"https:\\\/\\\/www.omag-pack.com\\\/it\\\/#organization\"},\"potentialAction\":[{\"@type\":\"SearchAction\",\"target\":{\"@type\":\"EntryPoint\",\"urlTemplate\":\"https:\\\/\\\/www.omag-pack.com\\\/it\\\/?s={search_term_string}\"},\"query-input\":{\"@type\":\"PropertyValueSpecification\",\"valueRequired\":true,\"valueName\":\"search_term_string\"}}],\"inLanguage\":\"it-IT\"},{\"@type\":\"Organization\",\"@id\":\"https:\\\/\\\/www.omag-pack.com\\\/it\\\/#organization\",\"name\":\"Omag S.p.A.\",\"url\":\"https:\\\/\\\/www.omag-pack.com\\\/it\\\/\",\"logo\":{\"@type\":\"ImageObject\",\"inLanguage\":\"it-IT\",\"@id\":\"https:\\\/\\\/www.omag-pack.com\\\/it\\\/#\\\/schema\\\/logo\\\/image\\\/\",\"url\":\"https:\\\/\\\/www.omag-pack.com\\\/wp-content\\\/uploads\\\/2022\\\/09\\\/logomag_trasp.png\",\"contentUrl\":\"https:\\\/\\\/www.omag-pack.com\\\/wp-content\\\/uploads\\\/2022\\\/09\\\/logomag_trasp.png\",\"width\":269,\"height\":128,\"caption\":\"Omag S.p.A.\"},\"image\":{\"@id\":\"https:\\\/\\\/www.omag-pack.com\\\/it\\\/#\\\/schema\\\/logo\\\/image\\\/\"},\"sameAs\":[\"https:\\\/\\\/www.facebook.com\\\/Omag.Spa.packaging\",\"https:\\\/\\\/it.linkedin.com\\\/company\\\/omag-spa-packaging\"]}]}<\/script>\n<!-- \/ Yoast SEO plugin. -->","yoast_head_json":{"title":"Sicurezza sul lavoro | Omag","description":"Find out all the information about Sicurezza sul lavoro POLITICA PER LA SICUREZZA Nel\u00a0giugno 2015 OMAG S.p.A. ha deciso di adottare un proprio\u00a0Sistema di Gestione per la Sicurezza sul Lavoro\u00a0(SGSL) secondo la","robots":{"index":"index","follow":"follow","max-snippet":"max-snippet:-1","max-image-preview":"max-image-preview:large","max-video-preview":"max-video-preview:-1"},"canonical":"https:\/\/www.omag-pack.com\/it\/sicurezza-sul-lavoro\/","og_locale":"it_IT","og_type":"article","og_title":"Sicurezza sul lavoro | Omag","og_description":"Find out all the information about Sicurezza sul lavoro POLITICA PER LA SICUREZZA Nel\u00a0giugno 2015 OMAG S.p.A. ha deciso di adottare un proprio\u00a0Sistema di Gestione per la Sicurezza sul Lavoro\u00a0(SGSL) secondo la","og_url":"https:\/\/www.omag-pack.com\/it\/sicurezza-sul-lavoro\/","og_site_name":"Omag","article_publisher":"https:\/\/www.facebook.com\/Omag.Spa.packaging","article_modified_time":"2022-12-14T09:16:17+00:00","twitter_card":"summary_large_image","twitter_misc":{"Tempo di lettura stimato":"4 minuti"},"schema":{"@context":"https:\/\/schema.org","@graph":[{"@type":"WebPage","@id":"https:\/\/www.omag-pack.com\/it\/sicurezza-sul-lavoro\/","url":"https:\/\/www.omag-pack.com\/it\/sicurezza-sul-lavoro\/","name":"Sicurezza sul lavoro | Omag","isPartOf":{"@id":"https:\/\/www.omag-pack.com\/it\/#website"},"datePublished":"2022-12-13T08:24:43+00:00","dateModified":"2022-12-14T09:16:17+00:00","description":"Find out all the information about Sicurezza sul lavoro POLITICA PER LA SICUREZZA Nel\u00a0giugno 2015 OMAG S.p.A. ha deciso di adottare un proprio\u00a0Sistema di Gestione per la Sicurezza sul Lavoro\u00a0(SGSL) secondo la","breadcrumb":{"@id":"https:\/\/www.omag-pack.com\/it\/sicurezza-sul-lavoro\/#breadcrumb"},"inLanguage":"it-IT","potentialAction":[{"@type":"ReadAction","target":["https:\/\/www.omag-pack.com\/it\/sicurezza-sul-lavoro\/"]}]},{"@type":"BreadcrumbList","@id":"https:\/\/www.omag-pack.com\/it\/sicurezza-sul-lavoro\/#breadcrumb","itemListElement":[{"@type":"ListItem","position":1,"name":"Home","item":"https:\/\/www.omag-pack.com\/it\/"},{"@type":"ListItem","position":2,"name":"Sicurezza sul lavoro"}]},{"@type":"WebSite","@id":"https:\/\/www.omag-pack.com\/it\/#website","url":"https:\/\/www.omag-pack.com\/it\/","name":"Omag","description":"","publisher":{"@id":"https:\/\/www.omag-pack.com\/it\/#organization"},"potentialAction":[{"@type":"SearchAction","target":{"@type":"EntryPoint","urlTemplate":"https:\/\/www.omag-pack.com\/it\/?s={search_term_string}"},"query-input":{"@type":"PropertyValueSpecification","valueRequired":true,"valueName":"search_term_string"}}],"inLanguage":"it-IT"},{"@type":"Organization","@id":"https:\/\/www.omag-pack.com\/it\/#organization","name":"Omag S.p.A.","url":"https:\/\/www.omag-pack.com\/it\/","logo":{"@type":"ImageObject","inLanguage":"it-IT","@id":"https:\/\/www.omag-pack.com\/it\/#\/schema\/logo\/image\/","url":"https:\/\/www.omag-pack.com\/wp-content\/uploads\/2022\/09\/logomag_trasp.png","contentUrl":"https:\/\/www.omag-pack.com\/wp-content\/uploads\/2022\/09\/logomag_trasp.png","width":269,"height":128,"caption":"Omag S.p.A."},"image":{"@id":"https:\/\/www.omag-pack.com\/it\/#\/schema\/logo\/image\/"},"sameAs":["https:\/\/www.facebook.com\/Omag.Spa.packaging","https:\/\/it.linkedin.com\/company\/omag-spa-packaging"]}]}},"_links":{"self":[{"href":"https:\/\/www.omag-pack.com\/it\/wp-json\/wp\/v2\/pages\/1572","targetHints":{"allow":["GET"]}}],"collection":[{"href":"https:\/\/www.omag-pack.com\/it\/wp-json\/wp\/v2\/pages"}],"about":[{"href":"https:\/\/www.omag-pack.com\/it\/wp-json\/wp\/v2\/types\/page"}],"author":[{"embeddable":true,"href":"https:\/\/www.omag-pack.com\/it\/wp-json\/wp\/v2\/users\/3"}],"replies":[{"embeddable":true,"href":"https:\/\/www.omag-pack.com\/it\/wp-json\/wp\/v2\/comments?post=1572"}],"version-history":[{"count":2,"href":"https:\/\/www.omag-pack.com\/it\/wp-json\/wp\/v2\/pages\/1572\/revisions"}],"predecessor-version":[{"id":1880,"href":"https:\/\/www.omag-pack.com\/it\/wp-json\/wp\/v2\/pages\/1572\/revisions\/1880"}],"wp:attachment":[{"href":"https:\/\/www.omag-pack.com\/it\/wp-json\/wp\/v2\/media?parent=1572"}],"curies":[{"name":"wp","href":"https:\/\/api.w.org\/{rel}","templated":true}]}}