{"id":5,"date":"2022-06-21T16:41:02","date_gmt":"2022-06-21T14:41:02","guid":{"rendered":"https:\/\/www.omag-pack.com\/?page_id=5"},"modified":"2025-02-14T14:26:40","modified_gmt":"2025-02-14T13:26:40","slug":"privacy-policy","status":"publish","type":"page","link":"https:\/\/www.omag-pack.com\/it\/privacy-policy\/","title":{"rendered":"Privacy Policy"},"content":{"rendered":"<p><strong><em>Informativa ai sensi dell&#8217;art. 13 Regolamento UE 2016\/679<\/em><\/strong><\/p>\n<p><em>Aggiornamento del 23\/10\/2023<\/em><\/p>\n<p>In questa sezione sono descritte le finalit\u00e0 e le modalit\u00e0 di gestione di Omag S.p.A.\u00a0in riferimento al trattamento dei dati degli utenti che interagiscono con i servizi web di Omag S.p.A. a partire dall\u2019indirizzo corrispondente alla pagina iniziale del sito\u00a0<a href=\"https:\/\/www.omag-pack.com\/\">www.omag-pack.com<\/a>.<br \/>\n<strong>La presente informativa ha valore ai fini dell&#8217;art.13 del Regolamento UE 2016\/679 <\/strong>relativo alla protezione delle persone fisiche con riguardo al trattamento dei dati personali nonch\u00e9 alla libera circolazione di tali dati.<\/p>\n<p>L\u2019informativa \u00e8 resa solo per il sito di\u00a0<strong>Omag S.p.A.<\/strong>\u00a0e non per altri siti web eventualmente consultati dall\u2019utente tramite link in esso contenuti.<\/p>\n<p>&nbsp;<\/p>\n<ol>\n<li><strong>Titolare trattamento dati<\/strong><\/li>\n<\/ol>\n<p>Il titolare del trattamento dati \u00e8 Omag S.p.A. con sede legale in Via G. Santi 42\/A, 61012 \u2013 Gradara (PU) \u2013 P.IVA 02154180406.<\/p>\n<p>Per ogni chiarimento o esercizi di diritto dell\u2019utente pu\u00f2 essere contattata all\u2019indirizzo email <a href=\"mailto:privacy@omag-pack.com\">privacy@omag-pack.com<\/a>.<\/p>\n<p>&nbsp;<\/p>\n<ol start=\"2\">\n<li><strong> Dati trattati<\/strong><\/li>\n<\/ol>\n<p><strong>&#8211; Dati di navigazione<\/strong><br \/>\nLe procedure software preposte al funzionamento del sito www.omag-pack.com acquisiscono, nel corso del loro normale esercizio, alcuni dati personali trasmessi mediante protocolli sicuri. Tali informazioni\u00a0non sono raccolte\u00a0per essere associate a interessati identificati, ma potrebbero, attraverso elaborazioni ed associazioni con dati detenuti da terzi, permettere di identificare gli utenti. In questa categoria di dati rientrano gli indirizzi IP, tipo di browser e parametri del dispositivo usato per connettersi al sito, gli indirizzi in notazione URI (Uniform Resource Identifier) delle risorse richieste, l&#8217;orario della richiesta, il metodo utilizzato nel sottoporre la richiesta al server, il codice numerico indicante lo stato della risposta data dal server (buon fine, errore, etc.) ed altri parametri relativi al sistema operativo e all&#8217;ambiente informatico dell&#8217;utente. Questi dati vengono utilizzati al solo fine di ricavare informazioni statistiche anonime sull&#8217;uso del sito e per controllarne il corretto funzionamento.<\/p>\n<p><strong>&#8211; Dati forniti dall\u2019utente<\/strong><\/p>\n<p>Il Titolare del trattamento acquisisce dati forniti volontariamente dall\u2019utente del sito compilando form, moduli di richiesta o inviando il proprio curriculum vitae.<\/p>\n<p><strong>&#8211; Cookies<\/strong><\/p>\n<p>Per informazioni dettagliate sull\u2019utilizzo dei cookies si rimanda alla sezione nominata \u201cCookie policy\u201d del presente sito web.<\/p>\n<p>&nbsp;<\/p>\n<ol start=\"3\">\n<li><strong> Finalit\u00e0 del trattamento<\/strong><\/li>\n<\/ol>\n<p>I dati raccolti tramite il sito, in via automatica o a seguito di invio da parte dell\u2019utente, sono utilizzati dal Titolare del trattamento per le seguenti finalit\u00e0:<\/p>\n<ol>\n<li>consentire la navigazione del sito e l\u2019erogazione dei relativi servizi;<\/li>\n<li>per scopi statistici, senza che sia possibile risalire all\u2019identit\u00e0 dell\u2019utente;<\/li>\n<li>adempiere alle richieste dell\u2019utente;<\/li>\n<li>adempiere ad eventuali obblighi previsti dalle leggi vigenti, da regolamenti o dalla normativa comunitaria, o soddisfare richieste provenienti dalle autorit\u00e0 pubbliche;<\/li>\n<li>previo consenso dell\u2019utente e fino ad eventuale revoca, svolgere marketing diretto via e-mail per prodotti analoghi a quelli acquistati dall\u2019utente stesso;<\/li>\n<li>previo consenso dell\u2019utente e fino ad eventuale revoca, inviare allo stesso comunicazioni promozionali e di marketing, incluso l\u2019invio di newsletter e ricerche di mercato, attraverso strumenti automatizzati e non automatizzati;<\/li>\n<li>previo consenso dell\u2019utente e fino ad eventuale revoca, gestire procedure di ricerca e selezione del personale<\/li>\n<\/ol>\n<p>Si precisa che il Titolare raccoglie un unico consenso per le finalit\u00e0 di marketing qui descritte, ai sensi del Provvedimento Generale del Garante per la Protezione dei Dati Personali &#8220;Linee guida in materia di attivit\u00e0 promozionale e contrasto allo spam\u201d del 4 luglio 2013. Qualora l\u2019utente desiderasse revocare il consenso al trattamento dei suoi dati per le finalit\u00e0 di marketing, potr\u00e0 in qualunque momento farlo contattando Omag S.p.A. al seguente indirizzo email privacy@omag-pack.com, senza pregiudicare la liceit\u00e0 del trattamento basato sul consenso prestato prima della revoca.<\/p>\n<p>I dati raccolti non verranno in nessun caso diffusi in rete o ceduti a terzi, fatti salvi eventuali obblighi di legge e necessit\u00e0 tecniche legate all\u2019erogazione del servizio.<\/p>\n<p>&nbsp;<\/p>\n<ol start=\"4\">\n<li><strong> Diritti dell\u2019utente<\/strong><\/li>\n<\/ol>\n<p>L\u2019utente ha il diritto di richiedere l\u2019accesso ai suoi dati, il loro aggiornamento, la rettifica, l\u2019integrazione,\u00a0\u00a0 di chiedere la limitazione del trattamento nei casi previsti dall&#8217;art. 18 del Regolamento UE, la possibilit\u00e0 di opporsi &#8211; per motivi legittimi &#8211; al trattamento, di richiedere la portabilit\u00e0 dei dati (art.20 Regolamento UE). Pu\u00f2 richiederne inoltre la cancellazione, la trasformazione in forma anonima o il blocco dei dati trattati in violazione di legge.<\/p>\n<p>L\u2019utente ha inoltre il diritto di ottenere l\u2019attestazione che le operazioni di aggiornamento, rettificazione, integrazione dei dati, cancellazione, blocco dei dati, trasformazione sono state portate a conoscenza, anche per quanto riguarda il contenuto, di coloro ai quali i dati sono stati comunicati o diffusi, eccettuato il caso in cui tale adempimento si rivela impossibile o comporta un impiego di mezzi manifestamente sproporzionato rispetto al diritto tutelato.<\/p>\n<p>Le richieste possono essere indirizzate al Titolare del trattamento dei dati inviando una mail a <a href=\"mailto:privacy@omag-pack.com\">privacy@omag-pack.com<\/a><\/p>\n<p>Per una disamina pi\u00f9 completa dei diritti che competono all\u2019utente si vedano gli artt. 15 e ss. del Regolamento UE 2016\/679.<\/p>\n<p>&nbsp;<\/p>\n<ol start=\"5\">\n<li><strong> Tempi di conservazione<\/strong><\/li>\n<\/ol>\n<p>La conservazione dei dati sar\u00e0 effettuata per il periodo strettamente necessario al raggiungimento delle finalit\u00e0 sopra indicate (\u201cprincipio di limitazione della conservazione\u201d, art.5, GDPR) salvo le scadenze previste da eventuali norme di legge.<\/p>\n<p>Si riportano di seguito i termini di conservazione dei dati in relazione alla base giuridica del relativo trattamento.<\/p>\n<p>Finalit\u00e0: analisi navigazione ed utilizzo del sito web da parte dell\u2019utente<\/p>\n<p>Tempi di conservazione dei dati: non applicabile (dati anonimi o aggregati)<\/p>\n<p>Finalit\u00e0: adempiere alle richieste dell\u2019utente ed inviare comunicazioni o risposte<\/p>\n<p>Tempi di conservazione dei dati: 10 anni.<\/p>\n<p>Finalit\u00e0: adempiere a obblighi previsti dalla normativa vigente, compresi quelli di natura amministrativa e fiscale\/tributaria.<\/p>\n<p>Tempi di conservazione dei dati: 10 anni.<\/p>\n<p>Finalit\u00e0: scopi statistici<\/p>\n<p>Tempi di conservazione dei dati: non applicabile (dati anonimi o aggregati)<\/p>\n<p>Finalit\u00e0: invio comunicazioni promozionali e di marketing, incluso l\u2019invio di newsletter<\/p>\n<p>Tempi di conservazione dei dati: fino a comunicazione di revoca del consenso.<\/p>\n<p>Finalit\u00e0: svolgere marketing diretto via e-mail per prodotti analoghi a quelli acquistati dall\u2019utente stesso<\/p>\n<p>Tempi di conservazione dei dati: fino a comunicazione di revoca del consenso<\/p>\n<p style=\"font-weight: 400;\">Finalit\u00e0: gestire procedure di ricerca e selezione del personale<\/p>\n<p style=\"font-weight: 400;\">Tempi di conservazione dei dati: 3 anni<\/p>\n<p>&nbsp;<\/p>\n<ol start=\"6\">\n<li><strong> Modalit\u00e0 del trattamento dei dati forniti e comunicazione a soggetti esterni<\/strong><\/li>\n<\/ol>\n<p>Il Titolare tratta i dati degli utenti in maniera lecita e corretta, adottando le opportune misure di sicurezza volte ad impedire accessi non autorizzati, divulgazione, modifica o distruzione non autorizzata dei dati. Il trattamento viene effettuato mediante strumenti informatici e\/o telematici, con modalit\u00e0 organizzative e con logiche strettamente correlate alle finalit\u00e0 indicate.<\/p>\n<p>Oltre al Titolare del trattamento, in alcuni casi, i dati potrebbero essere comunicati a soggetti esterni (come fornitori di servizi tecnici terzi, corrieri postali, hosting provider, societ\u00e0 informatiche, agenzie di comunicazione), se necessario nominati Responsabili esterni del trattamento ai sensi dell\u2019art. 28 Regolamento UE 2016\/679.<\/p>\n<p>In nessun caso i dati saranno comunicati a soggetti insediati in Paesi terzi rispetto all\u2019UE.<\/p>\n<p>&nbsp;<\/p>\n<ol start=\"7\">\n<li><strong> Modifiche al presente documento<\/strong><\/li>\n<\/ol>\n<p>La presente informativa ai sensi dell\u2019art. 13 Regolamento UE 2016\/679 \u00e8 stata aggiornata in data\u00a023\/10\/2023.<\/p>\n<p>Si invitano gli utenti del sito a visionare periodicamente la presente informativa per essere aggiornati sulle modifiche relative al trattamento dei dati.<\/p>\n<hr \/>\n<p>COOKIE POLICY<\/p>\n<p><strong>UTILIZZO DEI COOKIES<\/strong><\/p>\n<p>Nel nostro sito web sono utilizzati cookies per rendere l\u2019esperienza di navigazione pi\u00f9 facile ed intuitiva.<\/p>\n<p>I cookie sono piccoli file di testo inviati al browser dell\u2019utente utilizzati per memorizzare alcune informazioni che possono riguardare l\u2019utente, le sue preferenze o il dispositivo di accesso a internet (computer, tablet, smartphone, etc) e vengono utilizzati per adeguare il funzionamento del sito alle aspettative dell\u2019utente,\u00a0 offrendo un\u2019esperienza di navigazione pi\u00f9 personalizzata e memorizzando le scelte effettuate in precedenza. \u00a0Nel corso della navigazione su un sito, l&#8217;utente pu\u00f2 ricevere sul suo terminale anche cookie di siti o di web server diversi (c.d. cookie di &#8220;terze parti&#8221;); ci\u00f2 accade perch\u00e9 sul sito web visitato possono essere presenti elementi come, ad esempio, immagini, mappe, suoni, specifici link a pagine web di altri domini che risiedono su server diversi da quello sul quale si trova la pagina richiesta.<\/p>\n<p>Con la presente, ai sensi degli articoli 13 e 122 del D.Lgs. n. 196\/2003, il Titolare del trattamento dei dati la informa che nel proprio sito web sono presenti cookies di tre tipologie:<\/p>\n<ol start=\"1\">\n<li>cookie tecnici e di sessione;<\/li>\n<li>cookie persistenti di terze parti;<\/li>\n<li>cookie di profilazione<\/li>\n<\/ol>\n<p><strong>Cookies tecnici e di sessione<\/strong><\/p>\n<p>L\u2019uso di c.d. cookies (che non vengono memorizzati in modo persistente sul computer dell\u2019utente e svaniscono con la chiusura del browser o alla loro scadenza) \u00e8 strettamente limitato alla trasmissione di identificativi di sessione (costituiti da numeri casuali generati dal server) necessari per consentire l\u2019esplorazione sicura ed efficiente del sito.<strong>Cookie persistenti di terze parti<\/strong><\/p>\n<p>&nbsp;<\/p>\n<p><strong>Cookie di Google Analytics<\/strong>. Il nostro sito web utilizza Google Analytics esclusivamente per scopi statistici. I cookie in questione raccolgono informazioni in forma aggregata al fine di monitorare e analizzare gli accessi a tutte le aree del sito. Le informazioni generate dal cookie sull&#8217;utilizzo del sito web vengono comunicate a Google Inc. al cui sito web\u00a0<a title=\"Privacy Google Analytics\" href=\"https:\/\/tools.google.com\/dlpage\/gaoptout\" target=\"_blank\" rel=\"noopener\">https:\/\/tools.google.com\/dlpage\/gaoptout\u00a0<\/a>espressamente si rimanda per maggiori dettagli e per disabilitare il loro salvataggio sul terminale dell\u2019utente giacch\u00e9 il loro utilizzo ai fini della navigazione sul nostro sito \u00e8 assolutamente facoltativo.<\/p>\n<p><strong>Cookie di profilazione<\/strong><\/p>\n<p>Il sito\u00a0<a href=\"https:\/\/www.omag-pack.com\/\" target=\"_blank\" rel=\"noopener\">www.omag-pack.com<\/a>\u00a0potrebbe fare uso di cookie di profilazione di terze parti. Sono cookie utilizzati per tracciare la navigazione dell&#8217;utente in rete e creare profili sui suoi gusti, abitudini, scelte, ecc.<\/p>\n<p>Con questi cookie possono essere trasmessi al terminale dell&#8217;utente messaggi pubblicitari in linea con le preferenze gi\u00e0 manifestate dallo stesso utente nella navigazione online. Tali cookie possono scambiare informazioni e tracciare la navigazione dell&#8217;utente che \u00e8 registrato ad uno dei servizi presenti.<\/p>\n<p><strong>Per maggiori dettagli o negare il consenso ai cookie di terze parti si rimanda alle rispettive privacy policy:<\/strong><\/p>\n<p><strong>Linkedin:\u00a0<\/strong><a href=\"https:\/\/www.linkedin.com\/legal\/cookie-policy\" target=\"_blank\" rel=\"noopener\">https:\/\/www.linkedin.com\/legal\/cookie-policy<\/a><\/p>\n<p><strong>Facebook:\u00a0<\/strong><a href=\"https:\/\/www.facebook.com\/about\/privacy\" target=\"_blank\" rel=\"noopener\">https:\/\/www.facebook.com\/about\/privacy<\/a><\/p>\n<p>I dati personali eventualmente contenuti nei cookie presenti sul nostro sito non vengono diffusi e sono trattati con strumenti automatizzati per il tempo strettamente necessario a conseguire gli scopi per cui sono stati raccolti. Specifiche misure di sicurezza sono applicate per prevenire la perdita dei dati, usi illeciti o non corretti ed accessi non autorizzati o non conformi alle finalit\u00e0 della raccolta.<\/p>\n<p>I soggetti cui si riferiscono i dati trattati godono dei diritti di cui all&#8217;articolo 7 del D.Lgs. 196\/2003 che possono esercitare in qualsiasi momento scrivendo all\u2019indirizzo di posta elettronica\u00a0<a href=\"mailto:privacy@omag-pack.com\">privacy@omag-pack.com<\/a>, oppure presso la sede del Titolare.<\/p>\n<p><strong>Supporto nella configurazione del proprio browser<\/strong><\/p>\n<p>L\u2019utente pu\u00f2 gestire i cookie anche attraverso le impostazioni del suo browser. Tuttavia, cancellando i cookies dal browser potrebbe rimuovere le preferenze che ha impostato per il sito.<\/p>\n<p>Per ulteriori informazioni e supporto \u00e8 possibile anche visitare la pagina di aiuto specifica del web browser che si sta utilizzando:<\/p>\n<p>&nbsp;<\/p>\n<ul>\n<li><strong>Chrome<\/strong>:<a href=\"https:\/\/support.google.com\/chrome\/answer\/95647?co=GENIE.Platform%3DDesktop&amp;hl=it\" target=\"_blank\" rel=\"noopener\">https:\/\/support.google.com\/chrome\/answer\/95647?co=GENIE.Platform%3DDesktop&amp;hl=it<\/a><\/li>\n<li><strong>Internet Explorer<\/strong>:\u00a0<a href=\"https:\/\/support.microsoft.com\/it-it\/help\/17442\/windows-internet-explorer-delete-manage-cookies\" target=\"_blank\" rel=\"noopener\">https:\/\/support.microsoft.com\/it-it\/help\/17442\/windows-internet-explorer-delete-manage-cookies<\/a><\/li>\n<li><strong>Safari<\/strong>:\u00a0<a href=\"https:\/\/www.apple.com\/legal\/privacy\/it\/cookies\/\" target=\"_blank\" rel=\"noopener\">https:\/\/www.apple.com\/legal\/privacy\/it\/cookies\/<\/a><\/li>\n<li><strong>Firefox<\/strong>:\u00a0<a href=\"https:\/\/support.mozilla.org\/en-US\/kb\/enable-and-disable-cookies-website-preferences\" target=\"_blank\" rel=\"noopener\">https:\/\/support.mozilla.org\/en-US\/kb\/enable-and-disable-cookies-website-preferences<\/a><\/li>\n<li><strong>Opera<\/strong>:\u00a0<a href=\"https:\/\/www.opera.com\/help\/tutorials\/security\/cookies\/\" target=\"_blank\" rel=\"noopener\">https:\/\/www.opera.com\/help\/tutorials\/security\/cookies\/<\/a><\/li>\n<\/ul>\n<p>&nbsp;<\/p>\n<p>La presente informativa \u00e8 stata aggiornata in data 25\/05\/2023.<\/p>\n","protected":false},"excerpt":{"rendered":"<p>Informativa ai sensi dell&#8217;art. 13 Regolamento UE 2016\/679 Aggiornamento del 23\/10\/2023 In questa sezione sono descritte le finalit\u00e0 e le modalit\u00e0 di gestione di Omag S.p.A.\u00a0in riferimento al trattamento dei dati degli utenti che interagiscono con i servizi web di Omag S.p.A. a partire dall\u2019indirizzo corrispondente alla pagina iniziale del sito\u00a0www.omag-pack.com. La presente informativa ha [&hellip;]<\/p>\n","protected":false},"author":2,"featured_media":0,"parent":0,"menu_order":40,"comment_status":"closed","ping_status":"closed","template":"","meta":{"_acf_changed":false,"footnotes":""},"class_list":["post-5","page","type-page","status-publish","hentry"],"acf":[],"yoast_head":"<!-- This site is optimized with the Yoast SEO plugin v27.3 - https:\/\/yoast.com\/product\/yoast-seo-wordpress\/ -->\n<title>Privacy Policy | Omag<\/title>\n<meta name=\"description\" content=\"Find out all the information about Privacy Policy Informativa ai sensi dell&#039;art. 13 Regolamento UE 2016\/679 Aggiornamento del 23\/10\/2023 In questa sezione sono descritte le finalit\u00e0 e le modalit\u00e0 di\" \/>\n<meta name=\"robots\" content=\"index, follow, max-snippet:-1, max-image-preview:large, max-video-preview:-1\" \/>\n<link rel=\"canonical\" href=\"https:\/\/www.omag-pack.com\/it\/privacy-policy\/\" \/>\n<meta property=\"og:locale\" content=\"it_IT\" \/>\n<meta property=\"og:type\" content=\"article\" \/>\n<meta property=\"og:title\" content=\"Privacy Policy | Omag\" \/>\n<meta property=\"og:description\" content=\"Find out all the information about Privacy Policy Informativa ai sensi dell&#039;art. 13 Regolamento UE 2016\/679 Aggiornamento del 23\/10\/2023 In questa sezione sono descritte le finalit\u00e0 e le modalit\u00e0 di\" \/>\n<meta property=\"og:url\" content=\"https:\/\/www.omag-pack.com\/it\/privacy-policy\/\" \/>\n<meta property=\"og:site_name\" content=\"Omag\" \/>\n<meta property=\"article:publisher\" content=\"https:\/\/www.facebook.com\/Omag.Spa.packaging\" \/>\n<meta property=\"article:modified_time\" content=\"2025-02-14T13:26:40+00:00\" \/>\n<meta name=\"twitter:card\" content=\"summary_large_image\" \/>\n<meta name=\"twitter:label1\" content=\"Tempo di lettura stimato\" \/>\n\t<meta name=\"twitter:data1\" content=\"10 minuti\" \/>\n<script type=\"application\/ld+json\" class=\"yoast-schema-graph\">{\"@context\":\"https:\\\/\\\/schema.org\",\"@graph\":[{\"@type\":\"WebPage\",\"@id\":\"https:\\\/\\\/www.omag-pack.com\\\/it\\\/privacy-policy\\\/\",\"url\":\"https:\\\/\\\/www.omag-pack.com\\\/it\\\/privacy-policy\\\/\",\"name\":\"Privacy Policy | Omag\",\"isPartOf\":{\"@id\":\"https:\\\/\\\/www.omag-pack.com\\\/it\\\/#website\"},\"datePublished\":\"2022-06-21T14:41:02+00:00\",\"dateModified\":\"2025-02-14T13:26:40+00:00\",\"description\":\"Find out all the information about Privacy Policy Informativa ai sensi dell'art. 13 Regolamento UE 2016\\\/679 Aggiornamento del 23\\\/10\\\/2023 In questa sezione sono descritte le finalit\u00e0 e le modalit\u00e0 di\",\"breadcrumb\":{\"@id\":\"https:\\\/\\\/www.omag-pack.com\\\/it\\\/privacy-policy\\\/#breadcrumb\"},\"inLanguage\":\"it-IT\",\"potentialAction\":[{\"@type\":\"ReadAction\",\"target\":[\"https:\\\/\\\/www.omag-pack.com\\\/it\\\/privacy-policy\\\/\"]}]},{\"@type\":\"BreadcrumbList\",\"@id\":\"https:\\\/\\\/www.omag-pack.com\\\/it\\\/privacy-policy\\\/#breadcrumb\",\"itemListElement\":[{\"@type\":\"ListItem\",\"position\":1,\"name\":\"Home\",\"item\":\"https:\\\/\\\/www.omag-pack.com\\\/it\\\/\"},{\"@type\":\"ListItem\",\"position\":2,\"name\":\"Privacy Policy\"}]},{\"@type\":\"WebSite\",\"@id\":\"https:\\\/\\\/www.omag-pack.com\\\/it\\\/#website\",\"url\":\"https:\\\/\\\/www.omag-pack.com\\\/it\\\/\",\"name\":\"Omag\",\"description\":\"\",\"publisher\":{\"@id\":\"https:\\\/\\\/www.omag-pack.com\\\/it\\\/#organization\"},\"potentialAction\":[{\"@type\":\"SearchAction\",\"target\":{\"@type\":\"EntryPoint\",\"urlTemplate\":\"https:\\\/\\\/www.omag-pack.com\\\/it\\\/?s={search_term_string}\"},\"query-input\":{\"@type\":\"PropertyValueSpecification\",\"valueRequired\":true,\"valueName\":\"search_term_string\"}}],\"inLanguage\":\"it-IT\"},{\"@type\":\"Organization\",\"@id\":\"https:\\\/\\\/www.omag-pack.com\\\/it\\\/#organization\",\"name\":\"Omag S.p.A.\",\"url\":\"https:\\\/\\\/www.omag-pack.com\\\/it\\\/\",\"logo\":{\"@type\":\"ImageObject\",\"inLanguage\":\"it-IT\",\"@id\":\"https:\\\/\\\/www.omag-pack.com\\\/it\\\/#\\\/schema\\\/logo\\\/image\\\/\",\"url\":\"https:\\\/\\\/www.omag-pack.com\\\/wp-content\\\/uploads\\\/2022\\\/09\\\/logomag_trasp.png\",\"contentUrl\":\"https:\\\/\\\/www.omag-pack.com\\\/wp-content\\\/uploads\\\/2022\\\/09\\\/logomag_trasp.png\",\"width\":269,\"height\":128,\"caption\":\"Omag S.p.A.\"},\"image\":{\"@id\":\"https:\\\/\\\/www.omag-pack.com\\\/it\\\/#\\\/schema\\\/logo\\\/image\\\/\"},\"sameAs\":[\"https:\\\/\\\/www.facebook.com\\\/Omag.Spa.packaging\",\"https:\\\/\\\/it.linkedin.com\\\/company\\\/omag-spa-packaging\"]}]}<\/script>\n<!-- \/ Yoast SEO plugin. -->","yoast_head_json":{"title":"Privacy Policy | Omag","description":"Find out all the information about Privacy Policy Informativa ai sensi dell'art. 13 Regolamento UE 2016\/679 Aggiornamento del 23\/10\/2023 In questa sezione sono descritte le finalit\u00e0 e le modalit\u00e0 di","robots":{"index":"index","follow":"follow","max-snippet":"max-snippet:-1","max-image-preview":"max-image-preview:large","max-video-preview":"max-video-preview:-1"},"canonical":"https:\/\/www.omag-pack.com\/it\/privacy-policy\/","og_locale":"it_IT","og_type":"article","og_title":"Privacy Policy | Omag","og_description":"Find out all the information about Privacy Policy Informativa ai sensi dell'art. 13 Regolamento UE 2016\/679 Aggiornamento del 23\/10\/2023 In questa sezione sono descritte le finalit\u00e0 e le modalit\u00e0 di","og_url":"https:\/\/www.omag-pack.com\/it\/privacy-policy\/","og_site_name":"Omag","article_publisher":"https:\/\/www.facebook.com\/Omag.Spa.packaging","article_modified_time":"2025-02-14T13:26:40+00:00","twitter_card":"summary_large_image","twitter_misc":{"Tempo di lettura stimato":"10 minuti"},"schema":{"@context":"https:\/\/schema.org","@graph":[{"@type":"WebPage","@id":"https:\/\/www.omag-pack.com\/it\/privacy-policy\/","url":"https:\/\/www.omag-pack.com\/it\/privacy-policy\/","name":"Privacy Policy | Omag","isPartOf":{"@id":"https:\/\/www.omag-pack.com\/it\/#website"},"datePublished":"2022-06-21T14:41:02+00:00","dateModified":"2025-02-14T13:26:40+00:00","description":"Find out all the information about Privacy Policy Informativa ai sensi dell'art. 13 Regolamento UE 2016\/679 Aggiornamento del 23\/10\/2023 In questa sezione sono descritte le finalit\u00e0 e le modalit\u00e0 di","breadcrumb":{"@id":"https:\/\/www.omag-pack.com\/it\/privacy-policy\/#breadcrumb"},"inLanguage":"it-IT","potentialAction":[{"@type":"ReadAction","target":["https:\/\/www.omag-pack.com\/it\/privacy-policy\/"]}]},{"@type":"BreadcrumbList","@id":"https:\/\/www.omag-pack.com\/it\/privacy-policy\/#breadcrumb","itemListElement":[{"@type":"ListItem","position":1,"name":"Home","item":"https:\/\/www.omag-pack.com\/it\/"},{"@type":"ListItem","position":2,"name":"Privacy Policy"}]},{"@type":"WebSite","@id":"https:\/\/www.omag-pack.com\/it\/#website","url":"https:\/\/www.omag-pack.com\/it\/","name":"Omag","description":"","publisher":{"@id":"https:\/\/www.omag-pack.com\/it\/#organization"},"potentialAction":[{"@type":"SearchAction","target":{"@type":"EntryPoint","urlTemplate":"https:\/\/www.omag-pack.com\/it\/?s={search_term_string}"},"query-input":{"@type":"PropertyValueSpecification","valueRequired":true,"valueName":"search_term_string"}}],"inLanguage":"it-IT"},{"@type":"Organization","@id":"https:\/\/www.omag-pack.com\/it\/#organization","name":"Omag S.p.A.","url":"https:\/\/www.omag-pack.com\/it\/","logo":{"@type":"ImageObject","inLanguage":"it-IT","@id":"https:\/\/www.omag-pack.com\/it\/#\/schema\/logo\/image\/","url":"https:\/\/www.omag-pack.com\/wp-content\/uploads\/2022\/09\/logomag_trasp.png","contentUrl":"https:\/\/www.omag-pack.com\/wp-content\/uploads\/2022\/09\/logomag_trasp.png","width":269,"height":128,"caption":"Omag S.p.A."},"image":{"@id":"https:\/\/www.omag-pack.com\/it\/#\/schema\/logo\/image\/"},"sameAs":["https:\/\/www.facebook.com\/Omag.Spa.packaging","https:\/\/it.linkedin.com\/company\/omag-spa-packaging"]}]}},"_links":{"self":[{"href":"https:\/\/www.omag-pack.com\/it\/wp-json\/wp\/v2\/pages\/5","targetHints":{"allow":["GET"]}}],"collection":[{"href":"https:\/\/www.omag-pack.com\/it\/wp-json\/wp\/v2\/pages"}],"about":[{"href":"https:\/\/www.omag-pack.com\/it\/wp-json\/wp\/v2\/types\/page"}],"author":[{"embeddable":true,"href":"https:\/\/www.omag-pack.com\/it\/wp-json\/wp\/v2\/users\/2"}],"replies":[{"embeddable":true,"href":"https:\/\/www.omag-pack.com\/it\/wp-json\/wp\/v2\/comments?post=5"}],"version-history":[{"count":3,"href":"https:\/\/www.omag-pack.com\/it\/wp-json\/wp\/v2\/pages\/5\/revisions"}],"predecessor-version":[{"id":7406,"href":"https:\/\/www.omag-pack.com\/it\/wp-json\/wp\/v2\/pages\/5\/revisions\/7406"}],"wp:attachment":[{"href":"https:\/\/www.omag-pack.com\/it\/wp-json\/wp\/v2\/media?parent=5"}],"curies":[{"name":"wp","href":"https:\/\/api.w.org\/{rel}","templated":true}]}}